{"id":44,"date":"2021-01-01T17:12:40","date_gmt":"2021-01-01T16:12:40","guid":{"rendered":"http:\/\/bpfid.be\/?page_id=44"},"modified":"2021-04-19T20:58:13","modified_gmt":"2021-04-19T18:58:13","slug":"blog-2","status":"publish","type":"page","link":"https:\/\/bpfid.be\/?page_id=44","title":{"rendered":"Fiscalit\u00e9"},"content":{"rendered":"\n<p>Optimiser la fiscalit\u00e9 de votre entreprise pour tirer le meilleur parti de vos ressources financi\u00e8res.<\/p>\n\n\n\n<ul><li>D\u00e9clarations fiscales \u00e0 l\u2019imp\u00f4t des personnes physiques,<\/li><li>D\u00e9clarations fiscales \u00e0 l\u2019imp\u00f4t des soci\u00e9t\u00e9s et des personnes morales,<\/li><li>Etablissement de bilans et des annexes fiscales,<\/li><li>Comptes annuels format BNB,<\/li><li>ONSS,<\/li><li>D\u00e9clarations et formalit\u00e9s TVA,<\/li><li>Assistance lors de contr\u00f4les fiscaux et suivi de contentieux,<\/li><li>Conseils pour r\u00e9duire la charge fiscale<\/li><\/ul>\n","protected":false},"excerpt":{"rendered":"<div class=\"slide-text-bg2\"><span>Optimiser la fiscalit\u00e9 de votre entreprise pour tirer le meilleur parti de vos ressources financi\u00e8res. D\u00e9clarations fiscales \u00e0 l\u2019imp\u00f4t des personnes<\/span><\/div>\n<div class=\"slide-btn-area-sm\"><a href=\"https:\/\/bpfid.be\/?page_id=44\" class=\"slide-btn-sm\">Lire la suite<\/a><\/div>\n","protected":false},"author":1,"featured_media":0,"parent":0,"menu_order":0,"comment_status":"closed","ping_status":"closed","template":"page.php","meta":[],"_links":{"self":[{"href":"https:\/\/bpfid.be\/index.php?rest_route=\/wp\/v2\/pages\/44"}],"collection":[{"href":"https:\/\/bpfid.be\/index.php?rest_route=\/wp\/v2\/pages"}],"about":[{"href":"https:\/\/bpfid.be\/index.php?rest_route=\/wp\/v2\/types\/page"}],"author":[{"embeddable":true,"href":"https:\/\/bpfid.be\/index.php?rest_route=\/wp\/v2\/users\/1"}],"replies":[{"embeddable":true,"href":"https:\/\/bpfid.be\/index.php?rest_route=%2Fwp%2Fv2%2Fcomments&post=44"}],"version-history":[{"count":2,"href":"https:\/\/bpfid.be\/index.php?rest_route=\/wp\/v2\/pages\/44\/revisions"}],"predecessor-version":[{"id":299,"href":"https:\/\/bpfid.be\/index.php?rest_route=\/wp\/v2\/pages\/44\/revisions\/299"}],"wp:attachment":[{"href":"https:\/\/bpfid.be\/index.php?rest_route=%2Fwp%2Fv2%2Fmedia&parent=44"}],"curies":[{"name":"wp","href":"https:\/\/api.w.org\/{rel}","templated":true}]}}